{"id":509,"date":"2021-09-08T20:17:50","date_gmt":"2021-09-09T01:17:50","guid":{"rendered":"https:\/\/seafoami.com\/?page_id=509"},"modified":"2023-08-31T13:21:42","modified_gmt":"2023-08-31T18:21:42","slug":"terms-of-use","status":"publish","type":"page","link":"https:\/\/seafoam.ca\/fr\/terms-of-use\/","title":{"rendered":"Conditions d'utilisation"},"content":{"rendered":"<h4 class=\"wp-block-heading\">VEUILLEZ LIRE CES CONDITIONS D'UTILISATION AVANT D'UTILISER OU D'ACC\u00c9DER \u00c0 TOUTE PARTIE DE CE SITE WEB. SI VOUS N'ACCEPTEZ PAS CES CONDITIONS, N'UTILISEZ PAS CE SITE WEB.<\/h4>\n\n\n\n<h5 class=\"wp-block-heading\">Informations g\u00e9n\u00e9rales<\/h5>\n\n\n\n<p>Bienvenue sur le site Web de Sea Foam International, Inc. et de ses soci\u00e9t\u00e9s affili\u00e9es (collectivement d\u00e9sign\u00e9es sous le nom de \" Sea Foam \"). Ce site appartient \u00e0 Sea Foam et\/ou \u00e0 ses filiales, qui en assurent l'exploitation et la maintenance. Il contient des informations g\u00e9n\u00e9rales sur notre soci\u00e9t\u00e9, ses produits, l'utilisation des produits, ainsi que d'autres informations et listes d'int\u00e9r\u00eat g\u00e9n\u00e9ral. <strong>Les produits mentionn\u00e9s sur ce site Web peuvent ne pas \u00eatre disponibles dans votre pays.<\/strong> Le terme \"site web ou sites web\", tel qu'il est utilis\u00e9 dans les pr\u00e9sentes conditions, inclut nos pages et applications sur des services de r\u00e9seaux sociaux tiers, y compris, mais sans s'y limiter, YouTube\u00ae Facebook\u00ae et X\u00ae (anciennement connu sous le nom de Twitter\u00ae).Merci de votre visite et d'en savoir plus sur nous.<\/p>\n\n\n\n<p>Les pr\u00e9sentes conditions r\u00e9gissent votre utilisation des sites web de Sea Foam en g\u00e9n\u00e9ral. Des conditions plus sp\u00e9cifiques et\/ou compl\u00e9mentaires peuvent s'appliquer \u00e0 certains sites web. <strong>VEUILLEZ LIRE ATTENTIVEMENT LES PR\u00c9SENTES CONDITIONS ET TOUTES LES CONDITIONS SP\u00c9CIFIQUES ET\/OU COMPL\u00c9MENTAIRES AVANT D'UTILISER UN SITE WEB DE SEA FOAM OU D'UN AFFILI\u00c9 DE SEA FOAM.<\/strong><\/p>\n\n\n\n<h5 class=\"wp-block-heading\">Accord sur les conditions d'utilisation<\/h5>\n\n\n\n<p><strong>CHAQUE FOIS QUE VOUS ACC\u00c9DEZ \u00c0 NOS SITES WEB OU \u00c0 NOS SERVICES ET\/OU QUE VOUS LES UTILISEZ, VOUS ACCEPTEZ D'\u00caTRE LI\u00c9 PAR LES CONDITIONS D'UTILISATION, LA POLITIQUE DE CONFIDENTIALIT\u00c9 ET\/OU LES CONDITIONS SUPPL\u00c9MENTAIRES ALORS EN VIGUEUR.<\/strong> Vous \u00eates \u00e9galement li\u00e9 par l'avis de droit d'auteur et par toutes les lois et r\u00e9glementations applicables. Sea Foam se r\u00e9serve le droit de modifier les pr\u00e9sentes conditions et de changer ou de supprimer des informations sur ce site web \u00e0 tout moment. Si l'un des termes, conditions ou dispositions des pr\u00e9sentes conditions est jug\u00e9 ill\u00e9gal, invalide, nul ou inapplicable pour quelque raison que ce soit, la validit\u00e9 et l'applicabilit\u00e9 des autres termes, conditions et dispositions ne seront en aucun cas affect\u00e9es ou compromises. Les pr\u00e9sentes conditions constituent l'int\u00e9gralit\u00e9 de l'accord entre vous et Sea Foam en ce qui concerne l'objet du pr\u00e9sent document<\/p>\n\n\n\n<h5 class=\"wp-block-heading\">Contrat contraignant<\/h5>\n\n\n\n<p>Les pr\u00e9sentes conditions constituent un contrat entre vous et Sea Foam, une soci\u00e9t\u00e9 du Dakota du Nord dont le si\u00e8ge social se trouve \u00e0 P.O. Box 639 Bismarck, ND, USA, ainsi que ses soci\u00e9t\u00e9s affili\u00e9es et filiales. \u00c0 l'exception de ce qui est express\u00e9ment indiqu\u00e9 dans le pr\u00e9sent document, il n'y a pas de tiers b\u00e9n\u00e9ficiaires de ce contrat.<\/p>\n\n\n\n<h5 class=\"wp-block-heading\">Accord<\/h5>\n\n\n\n<p>En utilisant les sites web, vous d\u00e9clarez \u00e0 Sea Foam que vous avez lu et compris le pr\u00e9sent accord et que vous acceptez express\u00e9ment d'\u00eatre li\u00e9 par celui-ci, ainsi que par les conditions et les avis qu'il contient ou auxquels il fait r\u00e9f\u00e9rence, que vous naviguiez, utilisiez ou acc\u00e9diez simplement \u00e0 un site web de Sea Foam. Si vous n'acceptez pas l'accord, vous ne pouvez pas utiliser les sites web de Sea Foam.<\/p>\n\n\n\n<h5 class=\"wp-block-heading\">Utilisation du site Web et de son contenu<\/h5>\n\n\n\n<p>Ce site Web est fourni pour votre usage personnel et non commercial. Vous ne pouvez pas copier, reproduire, republier, afficher, distribuer, transmettre, modifier, gratter ou extraire des donn\u00e9es de tout ou partie du mat\u00e9riel de ce site Web \u00e0 des fins commerciales sans l'autorisation \u00e9crite pr\u00e9alable de Sea Foam. Vous pouvez copier le mat\u00e9riel de ce site Web en quantit\u00e9s limit\u00e9es pour votre usage personnel non commercial, \u00e0 condition que notre avis de droit d'auteur soit appos\u00e9 sur le mat\u00e9riel copi\u00e9. L'avis de droit d'auteur doit appara\u00eetre comme suit :<\/p>\n\n\n\n<p><br>\u00a9 Sea Foam International, Inc. 2023. Tous droits r\u00e9serv\u00e9s.<\/p>\n\n\n\n<p><br>Sea Foam se r\u00e9serve le droit de mettre fin \u00e0 tout moment \u00e0 votre autorisation de faire des d\u00e9clarations personnelles.<br>des copies du mat\u00e9riel de ce site Web.<\/p>\n\n\n\n<p>Sea Foam encourage la participation des utilisateurs sur ce site web. Il vous est toutefois interdit d'utiliser ce site Web pour afficher ou transmettre tout mat\u00e9riel ill\u00e9gal, mena\u00e7ant, diffamatoire, obsc\u00e8ne, scandaleux, incendiaire, pornographique ou blasph\u00e9matoire, ou tout mat\u00e9riel susceptible de constituer ou d'encourager une conduite ill\u00e9gale. Sea Foam peut, de temps \u00e0 autre, contr\u00f4ler ou examiner le mat\u00e9riel transmis ou affich\u00e9 sur ce site web et se r\u00e9serve le droit de supprimer tout mat\u00e9riel qu'elle juge inappropri\u00e9. Sea Foam n'est pas tenue de le faire et n'assume aucune responsabilit\u00e9 quant aux \u00e9l\u00e9ments suivants<br>le mat\u00e9riel transmis ou post\u00e9 par l'interm\u00e9diaire de ce site web.<\/p>\n\n\n\n<h5 class=\"wp-block-heading\">Utilisation de cookies et d'autres technologies<\/h5>\n\n\n\n<p>Sea Foam fait appel \u00e0 une ou plusieurs soci\u00e9t\u00e9s pour placer des publicit\u00e9s pour nos produits et services et ceux de tiers sur notre site et sur les sites de tiers. Les cookies et autres technologies telles que les balises Web, les pixels ou les tags sont utilis\u00e9s pour mesurer l'efficacit\u00e9 de nos publicit\u00e9s et pour d\u00e9terminer l'affichage du contenu et de la publicit\u00e9 en fonction de vos centres d'int\u00e9r\u00eat sur notre site, ainsi que sur les sites de tiers et les applications mobiles que vous pouvez visiter. Pour soutenir cette solution de publicit\u00e9 bas\u00e9e sur les int\u00e9r\u00eats, nous, et les entreprises avec lesquelles nous avons pass\u00e9 un contrat, pouvons utiliser des informations non personnellement identifiables concernant vos visites sur notre site et d'autres sites web. Les informations collect\u00e9es ne permettent \u00e0 aucun tiers de vous identifier individuellement, sans avis ou consentement appropri\u00e9<\/p>\n\n\n\n<p>Bien que nous esp\u00e9rions que vous appr\u00e9ciez l'affichage de publicit\u00e9s bas\u00e9es sur vos int\u00e9r\u00eats de navigation non personnels, si vous pr\u00e9f\u00e9rez ne pas participer aux services offerts par ces solutions, vous pouvez toujours refuser cette activit\u00e9 en visitant le site web de la Network Advertising Initiative (NAI) en cliquant sur http:\/\/www.networkadvertising.org\/managing\/opt_out.asp.<\/p>\n\n\n\n<h5 class=\"wp-block-heading\">Consentement aux messages<\/h5>\n\n\n\n<p>Lorsque vous utilisez les sites web de Sea Foam, vous pouvez avoir la possibilit\u00e9 de consentir \u00e0 recevoir des communications de notre part par courrier \u00e9lectronique, par SMS et\/ou par d'autres moyens. Les tarifs standard pour les textes et les appels s'appliquent. Vous acceptez que les textes, les appels ou les messages pr\u00e9enregistr\u00e9s soient g\u00e9n\u00e9r\u00e9s par des syst\u00e8mes de num\u00e9rotation t\u00e9l\u00e9phonique automatique. Vous pouvez vous d\u00e9sabonner des communications promotionnelles en suivant les instructions de d\u00e9sabonnement des courriels ou en suivant les autres instructions contenues dans la communication. VOUS RECONNAISSEZ QUE VOUS N'\u00caTES PAS TENU DE CONSENTIR \u00c0 RECEVOIR DES TEXTES OU DES APPELS PROMOTIONNELS COMME CONDITION D'UTILISATION DES SITES WEB DE SEA FOAM.<\/p>\n\n\n\n<h5 class=\"wp-block-heading\">Concours, loteries et promotions<\/h5>\n\n\n\n<p>Les concours, tirages au sort et autres promotions similaires auxquels vous participez sur un site Web de Sea Foam ou dans le cadre de l'int\u00e9gration de Sea Foam \u00e0 un site Web, un service, une application, une plateforme et\/ou un contenu d'une tierce partie, y compris les courriels (\" promotions de Sea Foam \") peuvent \u00eatre assujettis \u00e0 des r\u00e8gles et\/ou \u00e0 des conditions officielles qui compl\u00e8tent le pr\u00e9sent accord et qui peuvent fournir des d\u00e9tails sur la promotion de Sea Foam, comme les conditions d'admissibilit\u00e9, les instructions de participation, les dates limites, les renseignements sur les prix et les restrictions. Si vous souhaitez participer \u00e0 une promotion Sea Foam, veuillez d'abord consulter les r\u00e8gles et\/ou conditions officielles applicables. Si les r\u00e8gles et\/ou conditions officielles d'une promotion de Sea Foam sont en contradiction avec le pr\u00e9sent accord, les dispositions contenues dans les r\u00e8gles et\/ou conditions officielles r\u00e9gissent et contr\u00f4lent la promotion de Sea Foam. Votre participation \u00e0 une promotion Sea Foam peut n\u00e9cessiter la cr\u00e9ation et\/ou la soumission et le consentement \u00e0 l'utilisation d'un contenu g\u00e9n\u00e9r\u00e9 par l'utilisateur et est soumise \u00e0 toutes les dispositions du pr\u00e9sent accord qui r\u00e9gissent votre soumission et notre utilisation de votre contenu g\u00e9n\u00e9r\u00e9 par l'utilisateur.<\/p>\n\n\n\n<h5 class=\"wp-block-heading\">Vie priv\u00e9e<\/h5>\n\n\n\n<p>Nous vous invitons \u00e0 consulter notre politique de confidentialit\u00e9 pour obtenir des informations plus d\u00e9taill\u00e9es sur nos pratiques en mati\u00e8re de protection de la vie priv\u00e9e. Sea Foam exerce ses activit\u00e9s aux \u00c9tats-Unis. Dans certains cas, les donn\u00e9es des utilisateurs provenant d'autres juridictions peuvent \u00eatre transf\u00e9r\u00e9es aux \u00c9tats-Unis \u00e0 des fins d'examen ou de traitement. La grande majorit\u00e9 des informations collect\u00e9es par Sea Foam ne sont pas personnellement identifiables.<\/p>\n\n\n\n<p>EN UTILISANT CE SITE ET\/OU EN FOURNISSANT DES INFORMATIONS \u00c0 SEA FOAM, VOUS RECONNAISSEZ ET CONSENTEZ AU TRANSFERT ET AU TRAITEMENT DE VOS DONN\u00c9ES AUX \u00c9TATS-UNIS. COMME INDIQU\u00c9 DANS LE PR\u00c9SENT DOCUMENT, SEA FOAM N'ACCEPTE AUCUNE RESPONSABILIT\u00c9 LI\u00c9E AU TRANSFERT ET AU TRAITEMENT DE VOS INFORMATIONS COMME INDIQU\u00c9 DANS LES PR\u00c9SENTES CONDITIONS ET DANS LA POLITIQUE DE CONFIDENTIALIT\u00c9. NOUS VOUS ENCOURAGEONS \u00c0 LIRE ATTENTIVEMENT CES DOCUMENTS.<\/p>\n\n\n\n<h5 class=\"wp-block-heading\">Exclusion et limitation de la responsabilit\u00e9<\/h5>\n\n\n\n<p>Sea Foam s'efforce de fournir un mat\u00e9riel pr\u00e9cis et \u00e0 jour sur ce site Web. Toutefois, Sea Foam ne donne aucune garantie et ne garantit pas son exactitude ou son exhaustivit\u00e9. Sea Foam n'est pas responsable des erreurs ou omissions dans le mat\u00e9riel, les informations ou les hyperliens fournis sur ce site Web, et l'utilisation de ce site Web se fait enti\u00e8rement \u00e0 vos propres risques. Ni Sea Foam ni aucune autre partie impliqu\u00e9e dans la cr\u00e9ation de ce site Web ne peuvent \u00eatre tenus responsables de quelque dommage que ce soit, direct, indirect ou autre, r\u00e9sultant de l'utilisation de ce site Web par quiconque.<br><br>EXCLUSION DE GARANTIE - LES SITES WEB DE SEA FOAM SONT FOURNIS \"EN L'\u00c9TAT\" ET \"TELS QUE DISPONIBLES\". SEA FOAM NE FAIT AUCUNE D\u00c9CLARATION ET NE DONNE AUCUNE GARANTIE QUANT \u00c0 L'EXACTITUDE, LA FIABILIT\u00c9 OU L'EXHAUSTIVIT\u00c9 DU CONTENU (TEXTE ET IMAGES) DE CE SITE WEB. DANS LA MESURE PERMISE PAR LA LOI, SEA FOAM D\u00c9CLINE TOUTE GARANTIE, EXPRESSE OU IMPLICITE, Y COMPRIS, MAIS SANS S'Y LIMITER, LES GARANTIES IMPLICITES DE QUALIT\u00c9 MARCHANDE, D'AD\u00c9QUATION \u00c0 UN USAGE PARTICULIER ET D'ABSENCE DE CONTREFA\u00c7ON. EN OUTRE, SEA FOAM NE GARANTIT PAS QUE CE SITE WEB OU LE SERVEUR QUI LE MET \u00c0 DISPOSITION SONT EXEMPTS DE VIRUS INFORMATIQUES, DE VERS, DE CHEVAUX DE TROIE ET D'AUTRES CODES SUSCEPTIBLES DE MANIFESTER DES PROPRI\u00c9T\u00c9S CONTAMINANTES OU DESTRUCTRICES. <\/p>\n\n\n\n<p>LIMITATION DE RESPONSABILIT\u00c9 - SEA FOAM NE SERA PAS RESPONSABLE DES DOMMAGES INDIRECTS, ACCESSOIRES, SP\u00c9CIAUX OU CONS\u00c9CUTIFS, Y COMPRIS LES PERTES DE B\u00c9N\u00c9FICES ET LES DOMMAGES MAT\u00c9RIELS, M\u00caME SI NOUS AVONS \u00c9T\u00c9 INFORM\u00c9S DE LA POSSIBILIT\u00c9 DE TELS DOMMAGES, ET NOUS NE SERONS PAS NON PLUS TENUS RESPONSABLES DES RETARDS OU DES D\u00c9FAUTS D'EX\u00c9CUTION R\u00c9SULTANT DE CAUSES \u00c9CHAPPANT \u00c0 NOTRE CONTR\u00d4LE RAISONNABLE. EN AUCUN CAS SEA FOAM NE SERA RESPONSABLE D'UNE QUELCONQUE PERTE OU D'UN QUELCONQUE DOMMAGE, Y COMPRIS, MAIS SANS S'Y LIMITER, D'UNE PERTE OU D'UN DOMMAGE INDIRECT OU CONS\u00c9CUTIF, OU D'UNE QUELCONQUE PERTE OU D'UN QUELCONQUE DOMMAGE D\u00c9COULANT DE L'UTILISATION DE CE SITE WEB OU EN RAPPORT AVEC CELLE-CI.<\/p>\n\n\n\n<p>EN AUCUN CAS NOTRE RESPONSABILITE TOTALE A VOTRE EGARD POUR TOUS LES DOMMAGES, PERTES<br>ET LES CAUSES D'ACTION D\u00c9PASSENT CENT DOLLARS AM\u00c9RICAINS (US $100).<\/p>\n\n\n\n<h5 class=\"wp-block-heading\">Propri\u00e9t\u00e9 de la propri\u00e9t\u00e9 intellectuelle<\/h5>\n\n\n\n<p>Tous les noms, logos, marques de service et marques commerciales apparaissant sur ce site web, y compris les marques commerciales, les marques de service, les identit\u00e9s de marque, les caract\u00e8res, les noms commerciaux, les graphiques, les dessins, les droits d'auteur, l'habillage commercial et toute autre propri\u00e9t\u00e9 intellectuelle (\"contenu\"), sauf indication contraire, sont des propri\u00e9t\u00e9s intellectuelles prot\u00e9g\u00e9es ou sont utilis\u00e9es avec l'autorisation ou sous licence par Sea Foam. L'utilisation du contenu est strictement interdite, sauf si elle est explicitement autoris\u00e9e par le pr\u00e9sent accord.<\/p>\n\n\n\n<p>Contenu g\u00e9n\u00e9r\u00e9 par l'utilisateur<\/p>\n\n\n\n<p>Sea Foam est impatiente de recevoir vos commentaires, opinions, suggestions, id\u00e9es, concepts, photographies, diapositives, graphiques, effets visuels, images anim\u00e9es et\/ou cin\u00e9matographiques, \u0153uvres audiovisuelles et enregistreurs, vid\u00e9os, enregistrements vid\u00e9o, et de r\u00e9pondre \u00e0 vos questions concernant nos produits et notre soci\u00e9t\u00e9 (\"contenu g\u00e9n\u00e9r\u00e9 par les utilisateurs\"). Gardez toutefois \u00e0 l'esprit que, sans limitation, Sea Foam et ses soci\u00e9t\u00e9s affili\u00e9es d\u00e9tiennent, sans compensation, tous les droits actuellement connus ou existant \u00e0 l'avenir sur le contenu g\u00e9n\u00e9r\u00e9 par l'utilisateur et que, par cons\u00e9quent, Sea Foam a le droit d'utiliser sans restriction le contenu g\u00e9n\u00e9r\u00e9 par l'utilisateur \u00e0 quelque fin que ce soit, commerciale ou autre, y compris, sans s'y limiter, la reproduction, la divulgation, la transmission, la publication ou le d\u00e9veloppement. Vous avez toutefois le droit de nous demander de cesser d'utiliser le contenu g\u00e9n\u00e9r\u00e9 par l'utilisateur que vous avez cr\u00e9\u00e9 et qui constitue un t\u00e9moignage en faveur de Sea Foam, et nous acceptons de retirer ce t\u00e9moignage du site web dans les 30 jours suivant la r\u00e9ception effective de cette demande.<\/p>\n\n\n\n<p>Si un contenu g\u00e9n\u00e9r\u00e9 par l'utilisateur est re\u00e7u, vous reconnaissez que (1) vous avez au moins 18 ans ; (2) le contenu g\u00e9n\u00e9r\u00e9 par l'utilisateur ne sera pas consid\u00e9r\u00e9 comme confidentiel ou exclusif, (3) Sea Foam n'a aucune obligation de garder ces informations confidentielles, et (4) dans le cas o\u00f9 Sea Foam est consid\u00e9r\u00e9 comme n'\u00e9tant pas le propri\u00e9taire du contenu g\u00e9n\u00e9r\u00e9 par l'utilisateur, Sea Foam aura le droit illimit\u00e9, irr\u00e9vocable, mondial et libre de redevances d'utiliser, de communiquer, de reproduire, de publier, d'afficher, de distribuer et d'exploiter cette soumission de la mani\u00e8re qu'elle choisit.<\/p>\n\n\n\n<h5 class=\"wp-block-heading\">Comp\u00e9tence et choix du forum<\/h5>\n\n\n\n<p>Ce site web est g\u00e9r\u00e9 par Sea Foam \u00e0 partir de son si\u00e8ge social situ\u00e9 dans l'\u00c9tat du Dakota du Nord, aux \u00c9tats-Unis d'Am\u00e9rique. Le pr\u00e9sent accord est r\u00e9gi et interpr\u00e9t\u00e9 conform\u00e9ment aux lois de l'\u00c9tat du Dakota du Nord, sans tenir compte des conflits de principes juridiques. En utilisant ce site web, vous consentez irr\u00e9vocablement \u00e0 la juridiction exclusive du Dakota du Nord, et toute proc\u00e9dure judiciaire doit \u00eatre engag\u00e9e exclusivement devant un tribunal d'\u00c9tat ou f\u00e9d\u00e9ral situ\u00e9 dans le comt\u00e9 de Burleigh, dans le Dakota du Nord.<\/p>\n\n\n\n<h5 class=\"wp-block-heading\">Informations de contact<\/h5>\n\n\n\n<p>Si vous avez des questions, des pr\u00e9occupations ou des commentaires concernant les conditions d'utilisation, veuillez nous contacter \u00e0 l'adresse info@seafoami.com.<\/p>\n\n\n\n<p>v20230828<\/p>","protected":false},"excerpt":{"rendered":"<p>PLEASE READ THESE TERMS OF USE BEFORE USING OR ACCESSING ANY PORTION OF THIS WEBSITE. IF YOU DO NOT AGREE TO THESE TERMS AND CONDITIONS, DO NOT USE THIS WEBSITE. General Information Welcome to the Website for Sea Foam International, Inc. and its affiliates (collectively referred to as \u201cSea Foam\u201d). This Website is owned, operated, [&hellip;]<\/p>\n","protected":false},"author":3,"featured_media":0,"parent":0,"menu_order":0,"comment_status":"closed","ping_status":"closed","template":"","meta":{"_acf_changed":false,"_analytify_skip_tracking":false,"site-sidebar-layout":"no-sidebar","site-content-layout":"","ast-site-content-layout":"default","site-content-style":"default","site-sidebar-style":"default","ast-global-header-display":"","ast-banner-title-visibility":"","ast-main-header-display":"","ast-hfb-above-header-display":"","ast-hfb-below-header-display":"","ast-hfb-mobile-header-display":"","site-post-title":"","ast-breadcrumbs-content":"","ast-featured-img":"","footer-sml-layout":"","ast-disable-related-posts":"","theme-transparent-header-meta":"","adv-header-id-meta":"","stick-header-meta":"","header-above-stick-meta":"","header-main-stick-meta":"","header-below-stick-meta":"","astra-migrate-meta-layouts":"set","ast-page-background-enabled":"default","ast-page-background-meta":{"desktop":{"background-color":"var(--ast-global-color-4)","background-image":"","background-repeat":"repeat","background-position":"center center","background-size":"auto","background-attachment":"scroll","background-type":"","background-media":"","overlay-type":"","overlay-color":"","overlay-opacity":"","overlay-gradient":""},"tablet":{"background-color":"","background-image":"","background-repeat":"repeat","background-position":"center center","background-size":"auto","background-attachment":"scroll","background-type":"","background-media":"","overlay-type":"","overlay-color":"","overlay-opacity":"","overlay-gradient":""},"mobile":{"background-color":"","background-image":"","background-repeat":"repeat","background-position":"center center","background-size":"auto","background-attachment":"scroll","background-type":"","background-media":"","overlay-type":"","overlay-color":"","overlay-opacity":"","overlay-gradient":""}},"ast-content-background-meta":{"desktop":{"background-color":"var(--ast-global-color-5)","background-image":"","background-repeat":"repeat","background-position":"center center","background-size":"auto","background-attachment":"scroll","background-type":"","background-media":"","overlay-type":"","overlay-color":"","overlay-opacity":"","overlay-gradient":""},"tablet":{"background-color":"var(--ast-global-color-5)","background-image":"","background-repeat":"repeat","background-position":"center center","background-size":"auto","background-attachment":"scroll","background-type":"","background-media":"","overlay-type":"","overlay-color":"","overlay-opacity":"","overlay-gradient":""},"mobile":{"background-color":"var(--ast-global-color-5)","background-image":"","background-repeat":"repeat","background-position":"center center","background-size":"auto","background-attachment":"scroll","background-type":"","background-media":"","overlay-type":"","overlay-color":"","overlay-opacity":"","overlay-gradient":""}},"footnotes":""},"class_list":["post-509","page","type-page","status-publish","hentry"],"acf":[],"featured_image_src":null,"_links":{"self":[{"href":"https:\/\/seafoam.ca\/fr\/wp-json\/wp\/v2\/pages\/509","targetHints":{"allow":["GET"]}}],"collection":[{"href":"https:\/\/seafoam.ca\/fr\/wp-json\/wp\/v2\/pages"}],"about":[{"href":"https:\/\/seafoam.ca\/fr\/wp-json\/wp\/v2\/types\/page"}],"author":[{"embeddable":true,"href":"https:\/\/seafoam.ca\/fr\/wp-json\/wp\/v2\/users\/3"}],"replies":[{"embeddable":true,"href":"https:\/\/seafoam.ca\/fr\/wp-json\/wp\/v2\/comments?post=509"}],"version-history":[{"count":2,"href":"https:\/\/seafoam.ca\/fr\/wp-json\/wp\/v2\/pages\/509\/revisions"}],"predecessor-version":[{"id":29074,"href":"https:\/\/seafoam.ca\/fr\/wp-json\/wp\/v2\/pages\/509\/revisions\/29074"}],"wp:attachment":[{"href":"https:\/\/seafoam.ca\/fr\/wp-json\/wp\/v2\/media?parent=509"}],"curies":[{"name":"wp","href":"https:\/\/api.w.org\/{rel}","templated":true}]}}