{"id":28672,"date":"2022-03-23T10:21:35","date_gmt":"2022-03-23T15:21:35","guid":{"rendered":"https:\/\/ca.seafoami.com\/?page_id=28672"},"modified":"2023-11-14T14:13:07","modified_gmt":"2023-11-14T20:13:07","slug":"retailers","status":"publish","type":"page","link":"https:\/\/seafoam.ca\/fr\/retailers\/","title":{"rendered":"D\u00e9taillants"},"content":{"rendered":"<p class=\"has-text-align-center\">Les produits Sea Foam sont disponibles dans tout le Canada dans les magasins et chez les d\u00e9taillants suivants.<\/p>\n\n\n\n<p class=\"has-text-align-center\"><em>Cliquez sur une marque pour acc\u00e9der \u00e0 l'emplacement de son magasin.<\/em> ou consultez notre propre localisateur pour <a href=\"\/fr\/where-to-buy\/\">o\u00f9 acheter<\/a> Produits \u00e0 base d'\u00e9cume de mer.<\/p>\n\n\n\n<div class=\"wp-block-columns canada-retailers is-layout-flex wp-container-core-columns-is-layout-28f84493 wp-block-columns-is-layout-flex\">\n<div class=\"wp-block-column is-layout-flow wp-block-column-is-layout-flow\">\n<figure class=\"wp-block-image size-full\"><a href=\"http:\/\/www.uni-selectcanada.com\/\" target=\"_blank\" rel=\"noopener\"><img loading=\"lazy\" width=\"480\" height=\"77\" src=\"https:\/\/seafoam.ca\/wp-content\/uploads\/2022\/03\/Uni-Select_Auto_Parts_Plus_480x77.jpg\" alt=\"Auto Parts Plus retailers\" class=\"wp-image-28673\" srcset=\"https:\/\/seafoam.ca\/wp-content\/uploads\/2022\/03\/Uni-Select_Auto_Parts_Plus_480x77.jpg 480w, https:\/\/seafoam.ca\/wp-content\/uploads\/2022\/03\/Uni-Select_Auto_Parts_Plus_480x77-300x48.jpg 300w, https:\/\/seafoam.ca\/wp-content\/uploads\/2022\/03\/Uni-Select_Auto_Parts_Plus_480x77-18x3.jpg 18w\" sizes=\"auto, (max-width: 480px) 100vw, 480px\" \/><\/a><\/figure>\n<\/div>\n\n\n\n<div class=\"wp-block-column is-layout-flow wp-block-column-is-layout-flow\">\n<figure class=\"wp-block-image size-full\"><a href=\"http:\/\/www.autovalue.com\/\" target=\"_blank\" rel=\"noopener\"><img loading=\"lazy\" width=\"480\" height=\"360\" src=\"https:\/\/seafoam.ca\/wp-content\/uploads\/2022\/03\/Auto-Value-Parts-Stores-Logo_480x360.png\" alt=\"\" class=\"wp-image-28674\" srcset=\"https:\/\/seafoam.ca\/wp-content\/uploads\/2022\/03\/Auto-Value-Parts-Stores-Logo_480x360.png 480w, https:\/\/seafoam.ca\/wp-content\/uploads\/2022\/03\/Auto-Value-Parts-Stores-Logo_480x360-300x225.png 300w, https:\/\/seafoam.ca\/wp-content\/uploads\/2022\/03\/Auto-Value-Parts-Stores-Logo_480x360-16x12.png 16w\" sizes=\"auto, (max-width: 480px) 100vw, 480px\" \/><\/a><\/figure>\n<\/div>\n\n\n\n<div class=\"wp-block-column is-layout-flow wp-block-column-is-layout-flow\">\n<figure class=\"wp-block-image size-full\"><a href=\"http:\/\/www.partsource.ca\/\" target=\"_blank\" rel=\"noopener\"><img loading=\"lazy\" decoding=\"async\" width=\"480\" height=\"132\" src=\"https:\/\/seafoam.ca\/wp-content\/uploads\/2022\/03\/partsource_logo_480x132.png\" alt=\"\" class=\"wp-image-28675\" srcset=\"https:\/\/seafoam.ca\/wp-content\/uploads\/2022\/03\/partsource_logo_480x132.png 480w, https:\/\/seafoam.ca\/wp-content\/uploads\/2022\/03\/partsource_logo_480x132-300x83.png 300w, https:\/\/seafoam.ca\/wp-content\/uploads\/2022\/03\/partsource_logo_480x132-18x5.png 18w\" sizes=\"auto, (max-width: 480px) 100vw, 480px\" \/><\/a><\/figure>\n<\/div>\n<\/div>\n\n\n\n<div class=\"wp-block-columns canada-retailers is-layout-flex wp-container-core-columns-is-layout-28f84493 wp-block-columns-is-layout-flex\">\n<div class=\"wp-block-column is-layout-flow wp-block-column-is-layout-flow\">\n<figure class=\"wp-block-image size-full\"><a href=\"http:\/\/www.bestbuydistributors.ca\/store-locator\/\" target=\"_blank\" rel=\"noopener\"><img loading=\"lazy\" decoding=\"async\" width=\"480\" height=\"115\" src=\"https:\/\/seafoam.ca\/wp-content\/uploads\/2022\/03\/Bestbuy-Logo_480x115.png\" alt=\"\" class=\"wp-image-28679\" srcset=\"https:\/\/seafoam.ca\/wp-content\/uploads\/2022\/03\/Bestbuy-Logo_480x115.png 480w, https:\/\/seafoam.ca\/wp-content\/uploads\/2022\/03\/Bestbuy-Logo_480x115-300x72.png 300w, https:\/\/seafoam.ca\/wp-content\/uploads\/2022\/03\/Bestbuy-Logo_480x115-18x4.png 18w\" sizes=\"auto, (max-width: 480px) 100vw, 480px\" \/><\/a><\/figure>\n<\/div>\n\n\n\n<div class=\"wp-block-column is-layout-flow wp-block-column-is-layout-flow\">\n<figure class=\"wp-block-image size-full\"><a href=\"https:\/\/www.napacanada.com\/\" target=\"_blank\" rel=\"noopener\"><img loading=\"lazy\" decoding=\"async\" width=\"480\" height=\"367\" src=\"https:\/\/seafoam.ca\/wp-content\/uploads\/2022\/03\/napa-auto-parts-logo_480x367.png\" alt=\"\" class=\"wp-image-28676\" srcset=\"https:\/\/seafoam.ca\/wp-content\/uploads\/2022\/03\/napa-auto-parts-logo_480x367.png 480w, https:\/\/seafoam.ca\/wp-content\/uploads\/2022\/03\/napa-auto-parts-logo_480x367-300x229.png 300w, https:\/\/seafoam.ca\/wp-content\/uploads\/2022\/03\/napa-auto-parts-logo_480x367-16x12.png 16w\" sizes=\"auto, (max-width: 480px) 100vw, 480px\" \/><\/a><\/figure>\n<\/div>\n\n\n\n<div class=\"wp-block-column is-layout-flow wp-block-column-is-layout-flow\">\n<figure class=\"wp-block-image size-full\"><a href=\"http:\/\/www.bumpertobumper.ca\/\" target=\"_blank\" rel=\"noopener\"><img loading=\"lazy\" decoding=\"async\" width=\"370\" height=\"167\" src=\"https:\/\/seafoam.ca\/wp-content\/uploads\/2022\/03\/BtoB_Primary_Horiz_w_Tag_4C_370x167.png\" alt=\"\" class=\"wp-image-28677\" srcset=\"https:\/\/seafoam.ca\/wp-content\/uploads\/2022\/03\/BtoB_Primary_Horiz_w_Tag_4C_370x167.png 370w, https:\/\/seafoam.ca\/wp-content\/uploads\/2022\/03\/BtoB_Primary_Horiz_w_Tag_4C_370x167-300x135.png 300w, https:\/\/seafoam.ca\/wp-content\/uploads\/2022\/03\/BtoB_Primary_Horiz_w_Tag_4C_370x167-18x8.png 18w\" sizes=\"auto, (max-width: 370px) 100vw, 370px\" \/><\/a><\/figure>\n<\/div>\n<\/div>\n\n\n\n<div class=\"wp-block-columns canada-retailers is-layout-flex wp-container-core-columns-is-layout-28f84493 wp-block-columns-is-layout-flex\">\n<div class=\"wp-block-column is-layout-flow wp-block-column-is-layout-flow\">\n<figure class=\"wp-block-image size-full\"><a href=\"http:\/\/www.lordco.com\/locations\/\" target=\"_blank\" rel=\"noopener\"><img loading=\"lazy\" decoding=\"async\" width=\"480\" height=\"168\" src=\"https:\/\/seafoam.ca\/wp-content\/uploads\/2022\/03\/lordco-logo.png\" alt=\"\" class=\"wp-image-28680\" srcset=\"https:\/\/seafoam.ca\/wp-content\/uploads\/2022\/03\/lordco-logo.png 480w, https:\/\/seafoam.ca\/wp-content\/uploads\/2022\/03\/lordco-logo-300x105.png 300w, https:\/\/seafoam.ca\/wp-content\/uploads\/2022\/03\/lordco-logo-18x6.png 18w\" sizes=\"auto, (max-width: 480px) 100vw, 480px\" \/><\/a><\/figure>\n<\/div>\n\n\n\n<div class=\"wp-block-column is-layout-flow wp-block-column-is-layout-flow\">\n<figure class=\"wp-block-image size-full\"><a href=\"http:\/\/www.carquest.ca\/\" target=\"_blank\" rel=\"noopener\"><img loading=\"lazy\" decoding=\"async\" width=\"480\" height=\"370\" src=\"https:\/\/seafoam.ca\/wp-content\/uploads\/2022\/03\/carquest-logo_480x370.png\" alt=\"\" class=\"wp-image-28681\" srcset=\"https:\/\/seafoam.ca\/wp-content\/uploads\/2022\/03\/carquest-logo_480x370.png 480w, https:\/\/seafoam.ca\/wp-content\/uploads\/2022\/03\/carquest-logo_480x370-300x231.png 300w, https:\/\/seafoam.ca\/wp-content\/uploads\/2022\/03\/carquest-logo_480x370-16x12.png 16w\" sizes=\"auto, (max-width: 480px) 100vw, 480px\" \/><\/a><\/figure>\n<\/div>\n\n\n\n<div class=\"wp-block-column is-layout-flow wp-block-column-is-layout-flow\">\n<figure class=\"wp-block-image size-full\"><a href=\"https:\/\/www.homehardware.ca\/en\/store-locator?returnUrl=\/en\/\" target=\"_blank\" rel=\"noopener\"><img loading=\"lazy\" decoding=\"async\" width=\"897\" height=\"471\" src=\"https:\/\/seafoam.ca\/wp-content\/uploads\/2022\/05\/Home_Hardware_Stores_Limited_Home_Hardware_Named_One_of_Canada_s.jpg\" alt=\"\" class=\"wp-image-28744\" srcset=\"https:\/\/seafoam.ca\/wp-content\/uploads\/2022\/05\/Home_Hardware_Stores_Limited_Home_Hardware_Named_One_of_Canada_s.jpg 897w, https:\/\/seafoam.ca\/wp-content\/uploads\/2022\/05\/Home_Hardware_Stores_Limited_Home_Hardware_Named_One_of_Canada_s-300x158.jpg 300w, https:\/\/seafoam.ca\/wp-content\/uploads\/2022\/05\/Home_Hardware_Stores_Limited_Home_Hardware_Named_One_of_Canada_s-768x403.jpg 768w, https:\/\/seafoam.ca\/wp-content\/uploads\/2022\/05\/Home_Hardware_Stores_Limited_Home_Hardware_Named_One_of_Canada_s-18x9.jpg 18w\" sizes=\"auto, (max-width: 897px) 100vw, 897px\" \/><\/a><\/figure>\n<\/div>\n<\/div>\n\n\n\n<div class=\"wp-block-columns canada-retailers is-layout-flex wp-container-core-columns-is-layout-28f84493 wp-block-columns-is-layout-flex\">\n<div class=\"wp-block-column is-layout-flow wp-block-column-is-layout-flow\">\n<figure class=\"wp-block-image size-full\"><a href=\"https:\/\/www.princessauto.com\/en\/locations\" target=\"_blank\" rel=\"noopener\"><img loading=\"lazy\" decoding=\"async\" width=\"350\" height=\"195\" src=\"https:\/\/seafoam.ca\/wp-content\/uploads\/2022\/05\/princess-auto-logo_350x195.png\" alt=\"\" class=\"wp-image-28751\" srcset=\"https:\/\/seafoam.ca\/wp-content\/uploads\/2022\/05\/princess-auto-logo_350x195.png 350w, https:\/\/seafoam.ca\/wp-content\/uploads\/2022\/05\/princess-auto-logo_350x195-300x167.png 300w, https:\/\/seafoam.ca\/wp-content\/uploads\/2022\/05\/princess-auto-logo_350x195-18x10.png 18w\" sizes=\"auto, (max-width: 350px) 100vw, 350px\" \/><\/a><\/figure>\n<\/div>\n\n\n\n<div class=\"wp-block-column is-layout-flow wp-block-column-is-layout-flow\"><\/div>\n\n\n\n<div class=\"wp-block-column is-layout-flow wp-block-column-is-layout-flow\"><\/div>\n<\/div>","protected":false},"excerpt":{"rendered":"<p>Les produits Sea Foam sont disponibles partout au Canada dans les magasins et chez les d\u00e9taillants suivants. Cliquez sur une marque pour acc\u00e9der au localisateur de ses magasins ou visitez notre propre localisateur pour savoir o\u00f9 acheter les produits Sea Foam.<\/p>","protected":false},"author":7,"featured_media":0,"parent":0,"menu_order":0,"comment_status":"closed","ping_status":"closed","template":"","meta":{"_acf_changed":false,"_analytify_skip_tracking":false,"site-sidebar-layout":"no-sidebar","site-content-layout":"","ast-site-content-layout":"default","site-content-style":"default","site-sidebar-style":"default","ast-global-header-display":"","ast-banner-title-visibility":"","ast-main-header-display":"","ast-hfb-above-header-display":"","ast-hfb-below-header-display":"","ast-hfb-mobile-header-display":"","site-post-title":"","ast-breadcrumbs-content":"","ast-featured-img":"","footer-sml-layout":"","ast-disable-related-posts":"","theme-transparent-header-meta":"","adv-header-id-meta":"","stick-header-meta":"","header-above-stick-meta":"","header-main-stick-meta":"","header-below-stick-meta":"","astra-migrate-meta-layouts":"set","ast-page-background-enabled":"default","ast-page-background-meta":{"desktop":{"background-color":"var(--ast-global-color-4)","background-image":"","background-repeat":"repeat","background-position":"center center","background-size":"auto","background-attachment":"scroll","background-type":"","background-media":"","overlay-type":"","overlay-color":"","overlay-opacity":"","overlay-gradient":""},"tablet":{"background-color":"","background-image":"","background-repeat":"repeat","background-position":"center center","background-size":"auto","background-attachment":"scroll","background-type":"","background-media":"","overlay-type":"","overlay-color":"","overlay-opacity":"","overlay-gradient":""},"mobile":{"background-color":"","background-image":"","background-repeat":"repeat","background-position":"center center","background-size":"auto","background-attachment":"scroll","background-type":"","background-media":"","overlay-type":"","overlay-color":"","overlay-opacity":"","overlay-gradient":""}},"ast-content-background-meta":{"desktop":{"background-color":"var(--ast-global-color-5)","background-image":"","background-repeat":"repeat","background-position":"center center","background-size":"auto","background-attachment":"scroll","background-type":"","background-media":"","overlay-type":"","overlay-color":"","overlay-opacity":"","overlay-gradient":""},"tablet":{"background-color":"var(--ast-global-color-5)","background-image":"","background-repeat":"repeat","background-position":"center center","background-size":"auto","background-attachment":"scroll","background-type":"","background-media":"","overlay-type":"","overlay-color":"","overlay-opacity":"","overlay-gradient":""},"mobile":{"background-color":"var(--ast-global-color-5)","background-image":"","background-repeat":"repeat","background-position":"center center","background-size":"auto","background-attachment":"scroll","background-type":"","background-media":"","overlay-type":"","overlay-color":"","overlay-opacity":"","overlay-gradient":""}},"footnotes":""},"class_list":["post-28672","page","type-page","status-publish","hentry"],"acf":[],"featured_image_src":null,"_links":{"self":[{"href":"https:\/\/seafoam.ca\/fr\/wp-json\/wp\/v2\/pages\/28672","targetHints":{"allow":["GET"]}}],"collection":[{"href":"https:\/\/seafoam.ca\/fr\/wp-json\/wp\/v2\/pages"}],"about":[{"href":"https:\/\/seafoam.ca\/fr\/wp-json\/wp\/v2\/types\/page"}],"author":[{"embeddable":true,"href":"https:\/\/seafoam.ca\/fr\/wp-json\/wp\/v2\/users\/7"}],"replies":[{"embeddable":true,"href":"https:\/\/seafoam.ca\/fr\/wp-json\/wp\/v2\/comments?post=28672"}],"version-history":[{"count":3,"href":"https:\/\/seafoam.ca\/fr\/wp-json\/wp\/v2\/pages\/28672\/revisions"}],"predecessor-version":[{"id":31282,"href":"https:\/\/seafoam.ca\/fr\/wp-json\/wp\/v2\/pages\/28672\/revisions\/31282"}],"wp:attachment":[{"href":"https:\/\/seafoam.ca\/fr\/wp-json\/wp\/v2\/media?parent=28672"}],"curies":[{"name":"wp","href":"https:\/\/api.w.org\/{rel}","templated":true}]}}